{"id":4965,"date":"2024-12-12T14:27:02","date_gmt":"2024-12-12T13:27:02","guid":{"rendered":"https:\/\/luiten-greenhouses.com\/producten\/renovierung-der-fassade\/"},"modified":"2025-10-06T16:55:25","modified_gmt":"2025-10-06T14:55:25","slug":"renovierung-der-fassade","status":"publish","type":"product","link":"https:\/\/luiten-greenhouses.com\/de\/produkte\/renovierung-der-fassade\/","title":{"rendered":"Renovierung der Fassade"},"content":{"rendered":"","protected":false},"parent":0,"menu_order":0,"template":"","meta":{"_acf_changed":false},"product-group":[],"service":[],"target-group":[],"class_list":["post-4965","product","type-product","status-publish","hentry"],"acf":[],"yoast_head":"<!-- This site is optimized with the Yoast SEO plugin v27.2 - https:\/\/yoast.com\/product\/yoast-seo-wordpress\/ -->\n<title>Fassadenrenovierung | Gartencenter, Verkauf &amp; Produktion Gew\u00e4chsh\u00e4user | Luiten Greenhouses<\/title>\n<meta name=\"description\" content=\"Energieeffiziente und nachhaltige Fassadensanierung im Gew\u00e4chshausgartenbau &amp; Gartencenter mit ma\u00dfgeschneiderten L\u00f6sungen von Luiten Greenhouses.\" \/>\n<meta name=\"robots\" content=\"index, follow, max-snippet:-1, max-image-preview:large, max-video-preview:-1\" \/>\n<link rel=\"canonical\" href=\"https:\/\/luiten-greenhouses.com\/de\/produkte\/renovierung-der-fassade\/\" \/>\n<meta property=\"og:locale\" content=\"de_DE\" \/>\n<meta property=\"og:type\" content=\"article\" \/>\n<meta property=\"og:title\" content=\"Fassadenrenovierung | Gartencenter, Verkauf &amp; Produktion Gew\u00e4chsh\u00e4user | Luiten Greenhouses\" \/>\n<meta property=\"og:description\" content=\"Energieeffiziente und nachhaltige Fassadensanierung im Gew\u00e4chshausgartenbau &amp; Gartencenter mit ma\u00dfgeschneiderten L\u00f6sungen von Luiten Greenhouses.\" \/>\n<meta property=\"og:url\" content=\"https:\/\/luiten-greenhouses.com\/de\/produkte\/renovierung-der-fassade\/\" \/>\n<meta property=\"og:site_name\" content=\"Luiten Greenhouses\" \/>\n<meta property=\"article:modified_time\" content=\"2025-10-06T14:55:25+00:00\" \/>\n<meta name=\"twitter:card\" content=\"summary_large_image\" \/>\n<script type=\"application\/ld+json\" class=\"yoast-schema-graph\">{\"@context\":\"https:\/\/schema.org\",\"@graph\":[{\"@type\":\"WebPage\",\"@id\":\"https:\/\/luiten-greenhouses.com\/de\/produkte\/renovierung-der-fassade\/\",\"url\":\"https:\/\/luiten-greenhouses.com\/de\/produkte\/renovierung-der-fassade\/\",\"name\":\"Fassadenrenovierung | Gartencenter, Verkauf & Produktion Gew\u00e4chsh\u00e4user | Luiten Greenhouses\",\"isPartOf\":{\"@id\":\"https:\/\/luiten-greenhouses.com\/en\/#website\"},\"datePublished\":\"2024-12-12T13:27:02+00:00\",\"dateModified\":\"2025-10-06T14:55:25+00:00\",\"description\":\"Energieeffiziente und nachhaltige Fassadensanierung im Gew\u00e4chshausgartenbau & Gartencenter mit ma\u00dfgeschneiderten L\u00f6sungen von Luiten Greenhouses.\",\"breadcrumb\":{\"@id\":\"https:\/\/luiten-greenhouses.com\/de\/produkte\/renovierung-der-fassade\/#breadcrumb\"},\"inLanguage\":\"de\",\"potentialAction\":[{\"@type\":\"ReadAction\",\"target\":[\"https:\/\/luiten-greenhouses.com\/de\/produkte\/renovierung-der-fassade\/\"]}]},{\"@type\":\"BreadcrumbList\",\"@id\":\"https:\/\/luiten-greenhouses.com\/de\/produkte\/renovierung-der-fassade\/#breadcrumb\",\"itemListElement\":[{\"@type\":\"ListItem\",\"position\":1,\"name\":\"Home\",\"item\":\"https:\/\/luiten-greenhouses.com\/de\/startseite\/\"},{\"@type\":\"ListItem\",\"position\":2,\"name\":\"Renovierung der Fassade\"}]},{\"@type\":\"WebSite\",\"@id\":\"https:\/\/luiten-greenhouses.com\/en\/#website\",\"url\":\"https:\/\/luiten-greenhouses.com\/en\/\",\"name\":\"Luiten Greenhouses\",\"description\":\"Build with experience, made with success\",\"publisher\":{\"@id\":\"https:\/\/luiten-greenhouses.com\/en\/#organization\"},\"potentialAction\":[{\"@type\":\"SearchAction\",\"target\":{\"@type\":\"EntryPoint\",\"urlTemplate\":\"https:\/\/luiten-greenhouses.com\/en\/?s={search_term_string}\"},\"query-input\":{\"@type\":\"PropertyValueSpecification\",\"valueRequired\":true,\"valueName\":\"search_term_string\"}}],\"inLanguage\":\"de\"},{\"@type\":\"Organization\",\"@id\":\"https:\/\/luiten-greenhouses.com\/en\/#organization\",\"name\":\"Luiten Greenhouses\",\"url\":\"https:\/\/luiten-greenhouses.com\/en\/\",\"logo\":{\"@type\":\"ImageObject\",\"inLanguage\":\"de\",\"@id\":\"https:\/\/luiten-greenhouses.com\/en\/#\/schema\/logo\/image\/\",\"url\":\"https:\/\/luiten-greenhouses.com\/wp-content\/uploads\/2024\/11\/logo_luiten_liggend.svg\",\"contentUrl\":\"https:\/\/luiten-greenhouses.com\/wp-content\/uploads\/2024\/11\/logo_luiten_liggend.svg\",\"width\":567,\"height\":215,\"caption\":\"Luiten Greenhouses\"},\"image\":{\"@id\":\"https:\/\/luiten-greenhouses.com\/en\/#\/schema\/logo\/image\/\"}}]}<\/script>\n<!-- \/ Yoast SEO plugin. -->","yoast_head_json":{"title":"Fassadenrenovierung | Gartencenter, Verkauf & Produktion Gew\u00e4chsh\u00e4user | Luiten Greenhouses","description":"Energieeffiziente und nachhaltige Fassadensanierung im Gew\u00e4chshausgartenbau & Gartencenter mit ma\u00dfgeschneiderten L\u00f6sungen von Luiten Greenhouses.","robots":{"index":"index","follow":"follow","max-snippet":"max-snippet:-1","max-image-preview":"max-image-preview:large","max-video-preview":"max-video-preview:-1"},"canonical":"https:\/\/luiten-greenhouses.com\/de\/produkte\/renovierung-der-fassade\/","og_locale":"de_DE","og_type":"article","og_title":"Fassadenrenovierung | Gartencenter, Verkauf & Produktion Gew\u00e4chsh\u00e4user | Luiten Greenhouses","og_description":"Energieeffiziente und nachhaltige Fassadensanierung im Gew\u00e4chshausgartenbau & Gartencenter mit ma\u00dfgeschneiderten L\u00f6sungen von Luiten Greenhouses.","og_url":"https:\/\/luiten-greenhouses.com\/de\/produkte\/renovierung-der-fassade\/","og_site_name":"Luiten Greenhouses","article_modified_time":"2025-10-06T14:55:25+00:00","twitter_card":"summary_large_image","schema":{"@context":"https:\/\/schema.org","@graph":[{"@type":"WebPage","@id":"https:\/\/luiten-greenhouses.com\/de\/produkte\/renovierung-der-fassade\/","url":"https:\/\/luiten-greenhouses.com\/de\/produkte\/renovierung-der-fassade\/","name":"Fassadenrenovierung | Gartencenter, Verkauf & Produktion Gew\u00e4chsh\u00e4user | Luiten Greenhouses","isPartOf":{"@id":"https:\/\/luiten-greenhouses.com\/en\/#website"},"datePublished":"2024-12-12T13:27:02+00:00","dateModified":"2025-10-06T14:55:25+00:00","description":"Energieeffiziente und nachhaltige Fassadensanierung im Gew\u00e4chshausgartenbau & Gartencenter mit ma\u00dfgeschneiderten L\u00f6sungen von Luiten Greenhouses.","breadcrumb":{"@id":"https:\/\/luiten-greenhouses.com\/de\/produkte\/renovierung-der-fassade\/#breadcrumb"},"inLanguage":"de","potentialAction":[{"@type":"ReadAction","target":["https:\/\/luiten-greenhouses.com\/de\/produkte\/renovierung-der-fassade\/"]}]},{"@type":"BreadcrumbList","@id":"https:\/\/luiten-greenhouses.com\/de\/produkte\/renovierung-der-fassade\/#breadcrumb","itemListElement":[{"@type":"ListItem","position":1,"name":"Home","item":"https:\/\/luiten-greenhouses.com\/de\/startseite\/"},{"@type":"ListItem","position":2,"name":"Renovierung der Fassade"}]},{"@type":"WebSite","@id":"https:\/\/luiten-greenhouses.com\/en\/#website","url":"https:\/\/luiten-greenhouses.com\/en\/","name":"Luiten Greenhouses","description":"Build with experience, made with success","publisher":{"@id":"https:\/\/luiten-greenhouses.com\/en\/#organization"},"potentialAction":[{"@type":"SearchAction","target":{"@type":"EntryPoint","urlTemplate":"https:\/\/luiten-greenhouses.com\/en\/?s={search_term_string}"},"query-input":{"@type":"PropertyValueSpecification","valueRequired":true,"valueName":"search_term_string"}}],"inLanguage":"de"},{"@type":"Organization","@id":"https:\/\/luiten-greenhouses.com\/en\/#organization","name":"Luiten Greenhouses","url":"https:\/\/luiten-greenhouses.com\/en\/","logo":{"@type":"ImageObject","inLanguage":"de","@id":"https:\/\/luiten-greenhouses.com\/en\/#\/schema\/logo\/image\/","url":"https:\/\/luiten-greenhouses.com\/wp-content\/uploads\/2024\/11\/logo_luiten_liggend.svg","contentUrl":"https:\/\/luiten-greenhouses.com\/wp-content\/uploads\/2024\/11\/logo_luiten_liggend.svg","width":567,"height":215,"caption":"Luiten Greenhouses"},"image":{"@id":"https:\/\/luiten-greenhouses.com\/en\/#\/schema\/logo\/image\/"}}]}},"_links":{"self":[{"href":"https:\/\/luiten-greenhouses.com\/de\/wp-json\/wp\/v2\/product\/4965","targetHints":{"allow":["GET"]}}],"collection":[{"href":"https:\/\/luiten-greenhouses.com\/de\/wp-json\/wp\/v2\/product"}],"about":[{"href":"https:\/\/luiten-greenhouses.com\/de\/wp-json\/wp\/v2\/types\/product"}],"wp:attachment":[{"href":"https:\/\/luiten-greenhouses.com\/de\/wp-json\/wp\/v2\/media?parent=4965"}],"wp:term":[{"taxonomy":"product-group","embeddable":true,"href":"https:\/\/luiten-greenhouses.com\/de\/wp-json\/wp\/v2\/product-group?post=4965"},{"taxonomy":"service","embeddable":true,"href":"https:\/\/luiten-greenhouses.com\/de\/wp-json\/wp\/v2\/service?post=4965"},{"taxonomy":"target-group","embeddable":true,"href":"https:\/\/luiten-greenhouses.com\/de\/wp-json\/wp\/v2\/target-group?post=4965"}],"curies":[{"name":"wp","href":"https:\/\/api.w.org\/{rel}","templated":true}]}}